{"id":259,"date":"2024-12-03T10:54:14","date_gmt":"2024-12-03T07:54:14","guid":{"rendered":"https:\/\/www.kolaytik.com\/?page_id=259"},"modified":"2025-04-19T22:12:11","modified_gmt":"2025-04-19T19:12:11","slug":"form","status":"publish","type":"page","link":"https:\/\/www.kolaytik.com\/en\/form\/","title":{"rendered":"Contact Form"},"content":{"rendered":"\n\n    <iframe\n      id=\"JotFormIFrame-251085968776071\"\n      title=\"\u0130letisim Formu\"\n      onload=\"window.parent.scrollTo(0,0)\"\n      allowtransparency=\"true\"\n      allow=\"geolocation; microphone; camera; fullscreen\"\n      src=\"https:\/\/panel.kolaytik.com\/251085968776071\"\n      frameborder=\"0\"\n      style=\"min-width:100%;max-width:100%;height:539px;border:none;\"\n      scrolling=\"no\"\n    >\n    <\/iframe>\n    <script src='https:\/\/panel.kolaytik.com\/s\/umd\/latest\/for-form-embed-handler.js'><\/script>\n    <script>window.jotformEmbedHandler(\"iframe[id='JotFormIFrame-251085968776071']\", \"https:\/\/panel.kolaytik.com\/\")<\/script>\n    \n","protected":false},"excerpt":{"rendered":"","protected":false},"author":1,"featured_media":0,"parent":0,"menu_order":0,"comment_status":"closed","ping_status":"closed","template":"","meta":{"footnotes":""},"class_list":["post-259","page","type-page","status-publish","hentry"],"yoast_head":"<!-- This site is optimized with the Yoast SEO plugin v26.8 - https:\/\/yoast.com\/product\/yoast-seo-wordpress\/ -->\n<title>\u0130leti\u015fim Formu - Kolaytik<\/title>\n<meta name=\"robots\" content=\"index, follow, max-snippet:-1, max-image-preview:large, max-video-preview:-1\" \/>\n<link rel=\"canonical\" href=\"https:\/\/www.kolaytik.com\/en\/form\/\" \/>\n<meta property=\"og:locale\" content=\"en_US\" \/>\n<meta property=\"og:type\" content=\"article\" \/>\n<meta property=\"og:title\" content=\"\u0130leti\u015fim Formu - Kolaytik\" \/>\n<meta property=\"og:url\" content=\"https:\/\/www.kolaytik.com\/en\/form\/\" \/>\n<meta property=\"og:site_name\" content=\"Kolaytik\" \/>\n<meta property=\"article:modified_time\" content=\"2025-04-19T19:12:11+00:00\" \/>\n<meta name=\"twitter:card\" content=\"summary_large_image\" \/>\n<script type=\"application\/ld+json\" class=\"yoast-schema-graph\">{\"@context\":\"https:\/\/schema.org\",\"@graph\":[{\"@type\":\"WebPage\",\"@id\":\"https:\/\/www.kolaytik.com\/form\/\",\"url\":\"https:\/\/www.kolaytik.com\/form\/\",\"name\":\"\u0130leti\u015fim Formu - Kolaytik\",\"isPartOf\":{\"@id\":\"https:\/\/www.kolaytik.com\/#website\"},\"datePublished\":\"2024-12-03T07:54:14+00:00\",\"dateModified\":\"2025-04-19T19:12:11+00:00\",\"breadcrumb\":{\"@id\":\"https:\/\/www.kolaytik.com\/form\/#breadcrumb\"},\"inLanguage\":\"en-US\",\"potentialAction\":[{\"@type\":\"ReadAction\",\"target\":[\"https:\/\/www.kolaytik.com\/form\/\"]}]},{\"@type\":\"BreadcrumbList\",\"@id\":\"https:\/\/www.kolaytik.com\/form\/#breadcrumb\",\"itemListElement\":[{\"@type\":\"ListItem\",\"position\":1,\"name\":\"Anasayfa\",\"item\":\"https:\/\/www.kolaytik.com\/\"},{\"@type\":\"ListItem\",\"position\":2,\"name\":\"\u0130leti\u015fim Formu\"}]},{\"@type\":\"WebSite\",\"@id\":\"https:\/\/www.kolaytik.com\/#website\",\"url\":\"https:\/\/www.kolaytik.com\/\",\"name\":\"Kolaytik\",\"description\":\"Ka\u011f\u0131t m\u0131? Yok art\u0131k\",\"publisher\":{\"@id\":\"https:\/\/www.kolaytik.com\/#organization\"},\"potentialAction\":[{\"@type\":\"SearchAction\",\"target\":{\"@type\":\"EntryPoint\",\"urlTemplate\":\"https:\/\/www.kolaytik.com\/?s={search_term_string}\"},\"query-input\":{\"@type\":\"PropertyValueSpecification\",\"valueRequired\":true,\"valueName\":\"search_term_string\"}}],\"inLanguage\":\"en-US\"},{\"@type\":\"Organization\",\"@id\":\"https:\/\/www.kolaytik.com\/#organization\",\"name\":\"Kolaytik Teknoloji Limited \u015eirketi\",\"url\":\"https:\/\/www.kolaytik.com\/\",\"logo\":{\"@type\":\"ImageObject\",\"inLanguage\":\"en-US\",\"@id\":\"https:\/\/www.kolaytik.com\/#\/schema\/logo\/image\/\",\"url\":\"http:\/\/www.kolaytik.com\/wp-content\/uploads\/2024\/11\/Transparent_Logo.png\",\"contentUrl\":\"http:\/\/www.kolaytik.com\/wp-content\/uploads\/2024\/11\/Transparent_Logo.png\",\"width\":500,\"height\":500,\"caption\":\"Kolaytik Teknoloji Limited \u015eirketi\"},\"image\":{\"@id\":\"https:\/\/www.kolaytik.com\/#\/schema\/logo\/image\/\"},\"sameAs\":[\"https:\/\/www.linkedin.com\/company\/kolaytik\/\"]}]}<\/script>\n<!-- \/ Yoast SEO plugin. -->","yoast_head_json":{"title":"\u0130leti\u015fim Formu - Kolaytik","robots":{"index":"index","follow":"follow","max-snippet":"max-snippet:-1","max-image-preview":"max-image-preview:large","max-video-preview":"max-video-preview:-1"},"canonical":"https:\/\/www.kolaytik.com\/en\/form\/","og_locale":"en_US","og_type":"article","og_title":"\u0130leti\u015fim Formu - Kolaytik","og_url":"https:\/\/www.kolaytik.com\/en\/form\/","og_site_name":"Kolaytik","article_modified_time":"2025-04-19T19:12:11+00:00","twitter_card":"summary_large_image","schema":{"@context":"https:\/\/schema.org","@graph":[{"@type":"WebPage","@id":"https:\/\/www.kolaytik.com\/form\/","url":"https:\/\/www.kolaytik.com\/form\/","name":"\u0130leti\u015fim Formu - Kolaytik","isPartOf":{"@id":"https:\/\/www.kolaytik.com\/#website"},"datePublished":"2024-12-03T07:54:14+00:00","dateModified":"2025-04-19T19:12:11+00:00","breadcrumb":{"@id":"https:\/\/www.kolaytik.com\/form\/#breadcrumb"},"inLanguage":"en-US","potentialAction":[{"@type":"ReadAction","target":["https:\/\/www.kolaytik.com\/form\/"]}]},{"@type":"BreadcrumbList","@id":"https:\/\/www.kolaytik.com\/form\/#breadcrumb","itemListElement":[{"@type":"ListItem","position":1,"name":"Anasayfa","item":"https:\/\/www.kolaytik.com\/"},{"@type":"ListItem","position":2,"name":"\u0130leti\u015fim Formu"}]},{"@type":"WebSite","@id":"https:\/\/www.kolaytik.com\/#website","url":"https:\/\/www.kolaytik.com\/","name":"Kolaytik","description":"Paper? No more","publisher":{"@id":"https:\/\/www.kolaytik.com\/#organization"},"potentialAction":[{"@type":"SearchAction","target":{"@type":"EntryPoint","urlTemplate":"https:\/\/www.kolaytik.com\/?s={search_term_string}"},"query-input":{"@type":"PropertyValueSpecification","valueRequired":true,"valueName":"search_term_string"}}],"inLanguage":"en-US"},{"@type":"Organization","@id":"https:\/\/www.kolaytik.com\/#organization","name":"Kolaytik Teknoloji Limited \u015eirketi","url":"https:\/\/www.kolaytik.com\/","logo":{"@type":"ImageObject","inLanguage":"en-US","@id":"https:\/\/www.kolaytik.com\/#\/schema\/logo\/image\/","url":"http:\/\/www.kolaytik.com\/wp-content\/uploads\/2024\/11\/Transparent_Logo.png","contentUrl":"http:\/\/www.kolaytik.com\/wp-content\/uploads\/2024\/11\/Transparent_Logo.png","width":500,"height":500,"caption":"Kolaytik Teknoloji Limited \u015eirketi"},"image":{"@id":"https:\/\/www.kolaytik.com\/#\/schema\/logo\/image\/"},"sameAs":["https:\/\/www.linkedin.com\/company\/kolaytik\/"]}]}},"_links":{"self":[{"href":"https:\/\/www.kolaytik.com\/en\/wp-json\/wp\/v2\/pages\/259","targetHints":{"allow":["GET"]}}],"collection":[{"href":"https:\/\/www.kolaytik.com\/en\/wp-json\/wp\/v2\/pages"}],"about":[{"href":"https:\/\/www.kolaytik.com\/en\/wp-json\/wp\/v2\/types\/page"}],"author":[{"embeddable":true,"href":"https:\/\/www.kolaytik.com\/en\/wp-json\/wp\/v2\/users\/1"}],"replies":[{"embeddable":true,"href":"https:\/\/www.kolaytik.com\/en\/wp-json\/wp\/v2\/comments?post=259"}],"version-history":[{"count":7,"href":"https:\/\/www.kolaytik.com\/en\/wp-json\/wp\/v2\/pages\/259\/revisions"}],"predecessor-version":[{"id":429,"href":"https:\/\/www.kolaytik.com\/en\/wp-json\/wp\/v2\/pages\/259\/revisions\/429"}],"wp:attachment":[{"href":"https:\/\/www.kolaytik.com\/en\/wp-json\/wp\/v2\/media?parent=259"}],"curies":[{"name":"wp","href":"https:\/\/api.w.org\/{rel}","templated":true}]}}