{"id":344,"date":"2025-01-21T14:55:49","date_gmt":"2025-01-21T11:55:49","guid":{"rendered":"https:\/\/www.kolaytik.com\/?page_id=344"},"modified":"2025-10-13T13:44:24","modified_gmt":"2025-10-13T10:44:24","slug":"sektorel-cozumler","status":"publish","type":"page","link":"https:\/\/www.kolaytik.com\/en\/sektorel-cozumler\/","title":{"rendered":"Sectoral Solutions"},"content":{"rendered":"<div class=\"wp-block-group alignfull has-accent-background-color has-background has-global-padding is-layout-constrained wp-container-core-group-is-layout-3 wp-block-group-is-layout-constrained\" style=\"margin-top:0;margin-bottom:0;padding-top:var(--wp--preset--spacing--50);padding-right:var(--wp--preset--spacing--50);padding-bottom:var(--wp--preset--spacing--50);padding-left:var(--wp--preset--spacing--50)\">\n<div class=\"wp-block-columns alignwide is-layout-flex wp-container-core-columns-is-layout-1 wp-block-columns-is-layout-flex\">\n<div class=\"wp-block-column is-vertically-aligned-stretch is-layout-flow wp-block-column-is-layout-flow\" style=\"flex-basis:50%\">\n<div class=\"wp-block-group is-vertical is-content-justification-stretch is-layout-flex wp-container-core-group-is-layout-2 wp-block-group-is-layout-flex\" style=\"min-height:100%\">\n<p class=\"has-heading-font-family has-x-large-font-size\" style=\"line-height:1.2\">Special solutions for audits such as SKS, TGA, ISO with ready-made models for Health, Tourism and Production sectors<\/p>\n\n\n\n<div class=\"wp-block-group has-global-padding is-content-justification-left is-layout-constrained wp-container-core-group-is-layout-1 wp-block-group-is-layout-constrained\">\n<p class=\"wp-container-content-1\">Transformation accelerator solution packages.<\/p>\n\n\n\n<div class=\"wp-block-buttons is-layout-flex wp-block-buttons-is-layout-flex\">\n<div class=\"wp-block-button\"><a class=\"wp-block-button__link wp-element-button\" href=\"https:\/\/www.kolaytik.com\/en\/planlarimiz\/\">Our Plans<\/a><\/div>\n<\/div>\n<\/div>\n<\/div>\n<\/div>\n\n\n\n<div class=\"wp-block-column is-vertically-aligned-center is-layout-flow wp-block-column-is-layout-flow\" style=\"flex-basis:50%\">\n<figure class=\"wp-block-image size-large is-resized is-style-rounded is-style-rounded--1\"><img loading=\"lazy\" decoding=\"async\" width=\"1024\" height=\"1024\" src=\"https:\/\/www.kolaytik.com\/wp-content\/uploads\/2025\/01\/1-1024x1024.png\" alt=\"\" class=\"wp-image-352\" style=\"aspect-ratio:0.75;object-fit:cover;width:337px;height:auto\" srcset=\"https:\/\/www.kolaytik.com\/wp-content\/uploads\/2025\/01\/1-1024x1024.png 1024w, https:\/\/www.kolaytik.com\/wp-content\/uploads\/2025\/01\/1-300x300.png 300w, https:\/\/www.kolaytik.com\/wp-content\/uploads\/2025\/01\/1-150x150.png 150w, https:\/\/www.kolaytik.com\/wp-content\/uploads\/2025\/01\/1-768x768.png 768w, https:\/\/www.kolaytik.com\/wp-content\/uploads\/2025\/01\/1-1536x1536.png 1536w, https:\/\/www.kolaytik.com\/wp-content\/uploads\/2025\/01\/1.png 1920w\" sizes=\"auto, (max-width: 1024px) 100vw, 1024px\" \/><\/figure>\n<\/div>\n<\/div>\n<\/div>\n\n\n\n<div class=\"wp-block-group alignfull has-global-padding is-layout-constrained wp-container-core-group-is-layout-9 wp-block-group-is-layout-constrained\" style=\"margin-top:0;margin-bottom:0;padding-top:var(--wp--preset--spacing--50);padding-right:var(--wp--preset--spacing--50);padding-bottom:var(--wp--preset--spacing--50);padding-left:var(--wp--preset--spacing--50)\">\n<div class=\"wp-block-group is-vertical is-content-justification-center is-layout-flex wp-container-core-group-is-layout-4 wp-block-group-is-layout-flex\">\n<h4 class=\"wp-block-heading has-text-align-center has-xx-large-font-size\">Meet our solutions<\/h4>\n\n\n\n<p class=\"has-text-align-center\">Check out our key solution packages for your comprehensive sectoral needs.<\/p>\n<\/div>\n\n\n\n<div style=\"height:var(--wp--preset--spacing--30)\" aria-hidden=\"true\" class=\"wp-block-spacer\"><\/div>\n\n\n\n<div class=\"wp-block-columns alignwide is-layout-flex wp-container-core-columns-is-layout-2 wp-block-columns-is-layout-flex\" style=\"padding-right:0;padding-left:0\">\n<div class=\"wp-block-column is-layout-flow wp-block-column-is-layout-flow\">\n<div class=\"wp-block-group is-vertical is-content-justification-center is-nowrap is-layout-flex wp-container-core-group-is-layout-5 wp-block-group-is-layout-flex\">\n<p class=\"has-text-align-center has-small-font-size\"><strong>Health \/ ESC Package<\/strong><\/p>\n\n\n\n<p class=\"has-text-align-center has-small-font-size\">Health Quality Forms<\/p>\n<\/div>\n\n\n\n<figure class=\"wp-block-image size-full is-style-rounded is-style-rounded--2\"><a href=\"https:\/\/demo.kolaytik.xyz\/app\/242211754219956\"><img loading=\"lazy\" decoding=\"async\" width=\"256\" height=\"256\" src=\"https:\/\/www.kolaytik.com\/wp-content\/uploads\/2025\/01\/green_health.png\" alt=\"\" class=\"wp-image-346\" style=\"aspect-ratio:1;object-fit:cover\" srcset=\"https:\/\/www.kolaytik.com\/wp-content\/uploads\/2025\/01\/green_health.png 256w, https:\/\/www.kolaytik.com\/wp-content\/uploads\/2025\/01\/green_health-150x150.png 150w\" sizes=\"auto, (max-width: 256px) 100vw, 256px\" \/><\/a><\/figure>\n<\/div>\n\n\n\n<div class=\"wp-block-column is-layout-flow wp-block-column-is-layout-flow\">\n<div class=\"wp-block-group is-vertical is-content-justification-center is-nowrap is-layout-flex wp-container-core-group-is-layout-6 wp-block-group-is-layout-flex\">\n<p class=\"has-text-align-center has-small-font-size\"><strong>Tourism \/ TGA Package<\/strong><\/p>\n\n\n\n<p class=\"has-text-align-center has-small-font-size\">Sustainability Forms<\/p>\n<\/div>\n\n\n\n<figure class=\"wp-block-gallery has-nested-images columns-default is-cropped wp-block-gallery-4 is-layout-flex wp-block-gallery-is-layout-flex\">\n<figure class=\"wp-block-image size-full is-style-rounded is-style-rounded--3\"><a href=\"https:\/\/demo.kolaytik.xyz\/app\/250144659362963\"><img loading=\"lazy\" decoding=\"async\" width=\"712\" height=\"712\" src=\"https:\/\/www.kolaytik.com\/wp-content\/uploads\/2025\/10\/turizm_ikon.png\" alt=\"\" class=\"wp-image-451\" style=\"aspect-ratio:1;object-fit:cover\" srcset=\"https:\/\/www.kolaytik.com\/wp-content\/uploads\/2025\/10\/turizm_ikon.png 712w, https:\/\/www.kolaytik.com\/wp-content\/uploads\/2025\/10\/turizm_ikon-300x300.png 300w, https:\/\/www.kolaytik.com\/wp-content\/uploads\/2025\/10\/turizm_ikon-150x150.png 150w\" sizes=\"auto, (max-width: 712px) 100vw, 712px\" \/><\/a><\/figure>\n<\/figure>\n<\/div>\n\n\n\n<div class=\"wp-block-column is-layout-flow wp-block-column-is-layout-flow\">\n<div class=\"wp-block-group is-vertical is-content-justification-center is-nowrap is-layout-flex wp-container-core-group-is-layout-7 wp-block-group-is-layout-flex\">\n<p class=\"has-text-align-center has-small-font-size\"><strong>Production \/ ISO Package<\/strong><\/p>\n\n\n\n<p class=\"has-text-align-center has-small-font-size\">Production Planning Forms<\/p>\n<\/div>\n\n\n\n<figure class=\"wp-block-image size-full is-style-rounded is-style-rounded--5\"><a href=\"https:\/\/demo.kolaytik.xyz\/app\/241863633058864\"><img loading=\"lazy\" decoding=\"async\" width=\"512\" height=\"512\" src=\"https:\/\/www.kolaytik.com\/wp-content\/uploads\/2025\/01\/green_production.png\" alt=\"\" class=\"wp-image-350\" style=\"aspect-ratio:1;object-fit:cover\" srcset=\"https:\/\/www.kolaytik.com\/wp-content\/uploads\/2025\/01\/green_production.png 512w, https:\/\/www.kolaytik.com\/wp-content\/uploads\/2025\/01\/green_production-300x300.png 300w, https:\/\/www.kolaytik.com\/wp-content\/uploads\/2025\/01\/green_production-150x150.png 150w\" sizes=\"auto, (max-width: 512px) 100vw, 512px\" \/><\/a><\/figure>\n<\/div>\n\n\n\n<div class=\"wp-block-column is-layout-flow wp-block-column-is-layout-flow\">\n<div class=\"wp-block-group is-vertical is-content-justification-center is-nowrap is-layout-flex wp-container-core-group-is-layout-8 wp-block-group-is-layout-flex\">\n<p class=\"has-text-align-center has-small-font-size\"><strong>Management Package<\/strong><\/p>\n\n\n\n<p class=\"has-text-align-center has-small-font-size\">HR, Procurement, etc. Forms<\/p>\n<\/div>\n\n\n\n<figure class=\"wp-block-image size-full is-style-rounded is-style-rounded--6\"><a href=\"https:\/\/demo.kolaytik.xyz\/app\/243176036268964\"><img loading=\"lazy\" decoding=\"async\" width=\"256\" height=\"256\" src=\"https:\/\/www.kolaytik.com\/wp-content\/uploads\/2025\/01\/green_manage.png\" alt=\"\" class=\"wp-image-349\" style=\"aspect-ratio:1;object-fit:cover\" srcset=\"https:\/\/www.kolaytik.com\/wp-content\/uploads\/2025\/01\/green_manage.png 256w, https:\/\/www.kolaytik.com\/wp-content\/uploads\/2025\/01\/green_manage-150x150.png 150w\" sizes=\"auto, (max-width: 256px) 100vw, 256px\" \/><\/a><\/figure>\n<\/div>\n<\/div>\n<\/div>\n\n\n\n<div class=\"wp-block-group alignfull has-accent-5-background-color has-background has-global-padding is-layout-constrained wp-container-core-group-is-layout-10 wp-block-group-is-layout-constrained\" style=\"margin-top:0;margin-bottom:0;padding-top:var(--wp--preset--spacing--50);padding-right:var(--wp--preset--spacing--50);padding-bottom:var(--wp--preset--spacing--50);padding-left:var(--wp--preset--spacing--50)\">\n<div class=\"wp-block-columns alignwide is-layout-flex wp-container-core-columns-is-layout-3 wp-block-columns-is-layout-flex\">\n<div class=\"wp-block-column is-vertically-aligned-center is-layout-flow wp-block-column-is-layout-flow\" style=\"flex-basis:60%\">\n<figure class=\"wp-block-image size-full is-resized is-style-rounded wp-duotone-unset-8 is-style-rounded--7\"><img loading=\"lazy\" decoding=\"async\" width=\"1920\" height=\"1920\" src=\"http:\/\/www.kolaytik.com\/wp-content\/uploads\/2025\/01\/4-1.png\" alt=\"\" class=\"wp-image-351\" style=\"aspect-ratio:1.3333333333333333;object-fit:cover;width:437px;height:auto\" srcset=\"https:\/\/www.kolaytik.com\/wp-content\/uploads\/2025\/01\/4-1.png 1920w, https:\/\/www.kolaytik.com\/wp-content\/uploads\/2025\/01\/4-1-300x300.png 300w, https:\/\/www.kolaytik.com\/wp-content\/uploads\/2025\/01\/4-1-1024x1024.png 1024w, https:\/\/www.kolaytik.com\/wp-content\/uploads\/2025\/01\/4-1-150x150.png 150w, https:\/\/www.kolaytik.com\/wp-content\/uploads\/2025\/01\/4-1-768x768.png 768w, https:\/\/www.kolaytik.com\/wp-content\/uploads\/2025\/01\/4-1-1536x1536.png 1536w\" sizes=\"auto, (max-width: 1920px) 100vw, 1920px\" \/><\/figure>\n<\/div>\n\n\n\n<div class=\"wp-block-column is-layout-flow wp-block-column-is-layout-flow\" style=\"flex-basis:40%\">\n<h2 class=\"wp-block-heading\">Guiding your business through your transformation process<\/h2>\n\n\n\n<p>With hundreds of sample forms and workflows, you can quickly complete the transformation by choosing a model that suits you.<\/p>\n\n\n\n<p>Contact us to find out what you can do.<\/p>\n\n\n\n<p><\/p>\n\n\n\n<div class=\"wp-block-buttons is-layout-flex wp-block-buttons-is-layout-flex\">\n<div class=\"wp-block-button\"><a class=\"wp-block-button__link wp-element-button\" href=\"https:\/\/www.kolaytik.com\/en\/form\/\">Appointment<\/a><\/div>\n<\/div>\n<\/div>\n<\/div>\n<\/div>\n\n\n\n<div class=\"wp-block-group alignfull has-global-padding is-layout-constrained wp-container-core-group-is-layout-11 wp-block-group-is-layout-constrained\" style=\"margin-top:0;margin-bottom:0;padding-top:var(--wp--preset--spacing--50);padding-right:var(--wp--preset--spacing--50);padding-bottom:var(--wp--preset--spacing--50);padding-left:var(--wp--preset--spacing--50)\">\n<div class=\"wp-block-columns alignwide are-vertically-aligned-center is-layout-flex wp-container-core-columns-is-layout-4 wp-block-columns-is-layout-flex\">\n<div class=\"wp-block-column is-vertically-aligned-center is-layout-flow wp-block-column-is-layout-flow\" style=\"flex-basis:50%\">\n<h2 class=\"wp-block-heading\">Enhance your digital transformation journey.<\/h2>\n\n\n\n<ul style=\"line-height:1.75\" class=\"wp-block-list is-style-checkmark-list\">\n<li>Create customized solutions<\/li>\n\n\n\n<li>Digitize your existing structure<\/li>\n\n\n\n<li>Use ready-made forms<\/li>\n\n\n\n<li>Create brand new forms and processes<\/li>\n<\/ul>\n\n\n\n<div class=\"wp-block-buttons is-layout-flex wp-block-buttons-is-layout-flex\">\n<div class=\"wp-block-button\"><a class=\"wp-block-button__link wp-element-button\" href=\"https:\/\/www.kolaytik.com\/en\/form\/\">Contact<\/a><\/div>\n\n\n\n<div class=\"wp-block-button is-style-outline is-style-outline--9\"><a class=\"wp-block-button__link wp-element-button\" href=\"https:\/\/www.kolaytik.com\/en\/planlarimiz\/\">Plans<\/a><\/div>\n<\/div>\n<\/div>\n\n\n\n<div class=\"wp-block-column is-vertically-aligned-center is-layout-flow wp-block-column-is-layout-flow\" style=\"flex-basis:50%\">\n<figure class=\"wp-block-image size-full is-resized is-style-rounded is-style-rounded--10\"><img loading=\"lazy\" decoding=\"async\" width=\"1600\" height=\"1066\" src=\"http:\/\/www.kolaytik.com\/wp-content\/uploads\/2024\/11\/file3.png\" alt=\"\" class=\"wp-image-227\" style=\"aspect-ratio:1.3333333333333333;object-fit:cover;width:372px;height:auto\" srcset=\"https:\/\/www.kolaytik.com\/wp-content\/uploads\/2024\/11\/file3.png 1600w, https:\/\/www.kolaytik.com\/wp-content\/uploads\/2024\/11\/file3-300x200.png 300w, https:\/\/www.kolaytik.com\/wp-content\/uploads\/2024\/11\/file3-1024x682.png 1024w, https:\/\/www.kolaytik.com\/wp-content\/uploads\/2024\/11\/file3-768x512.png 768w, https:\/\/www.kolaytik.com\/wp-content\/uploads\/2024\/11\/file3-1536x1023.png 1536w\" sizes=\"auto, (max-width: 1600px) 100vw, 1600px\" \/><\/figure>\n<\/div>\n<\/div>\n<\/div>","protected":false},"excerpt":{"rendered":"<p>Sa\u011fl\u0131k, Turizm ve \u00dcretim sekt\u00f6rleri i\u00e7in, haz\u0131r modeller ile SKS, TGA, \u0130SO gibi denetimlere \u00f6zel \u00e7\u00f6z\u00fcmler D\u00f6n\u00fc\u015f\u00fcm\u00fc h\u0131zland\u0131r\u0131c\u0131 \u00e7\u00f6z\u00fcm paketleri. \u00c7\u00f6z\u00fcmlerimizle tan\u0131\u015f\u0131n Kapsaml\u0131 sekt\u00f6rel ihtiya\u00e7lar\u0131n\u0131z i\u00e7in anahtar \u00e7\u00f6z\u00fcm paketlerimizi inceleyin. Sa\u011fl\u0131k \/ SKS Paketi Sa\u011fl\u0131kta Kalite Formlar\u0131 Turizm \/ TGA Paketi S\u00fcrd\u00fcr\u00fclebilirlik Formlar\u0131 \u00dcretim \/ \u0130SO Paketi \u00dcretim Planlama Formlar\u0131 Y\u00f6netim Paketi \u0130K, Tedarik vb. [&hellip;]<\/p>\n","protected":false},"author":1,"featured_media":0,"parent":0,"menu_order":0,"comment_status":"closed","ping_status":"closed","template":"","meta":{"footnotes":""},"class_list":["post-344","page","type-page","status-publish","hentry"],"yoast_head":"<!-- This site is optimized with the Yoast SEO plugin v26.8 - https:\/\/yoast.com\/product\/yoast-seo-wordpress\/ -->\n<title>Sekt\u00f6rel \u00c7\u00f6z\u00fcmler - Kolaytik<\/title>\n<meta name=\"robots\" content=\"index, follow, max-snippet:-1, max-image-preview:large, max-video-preview:-1\" \/>\n<link rel=\"canonical\" href=\"https:\/\/www.kolaytik.com\/en\/sektorel-cozumler\/\" \/>\n<meta property=\"og:locale\" content=\"en_US\" \/>\n<meta property=\"og:type\" content=\"article\" \/>\n<meta property=\"og:title\" content=\"Sekt\u00f6rel \u00c7\u00f6z\u00fcmler - Kolaytik\" \/>\n<meta property=\"og:description\" content=\"Sa\u011fl\u0131k, Turizm ve \u00dcretim sekt\u00f6rleri i\u00e7in, haz\u0131r modeller ile SKS, TGA, \u0130SO gibi denetimlere \u00f6zel \u00e7\u00f6z\u00fcmler D\u00f6n\u00fc\u015f\u00fcm\u00fc h\u0131zland\u0131r\u0131c\u0131 \u00e7\u00f6z\u00fcm paketleri. \u00c7\u00f6z\u00fcmlerimizle tan\u0131\u015f\u0131n Kapsaml\u0131 sekt\u00f6rel ihtiya\u00e7lar\u0131n\u0131z i\u00e7in anahtar \u00e7\u00f6z\u00fcm paketlerimizi inceleyin. Sa\u011fl\u0131k \/ SKS Paketi Sa\u011fl\u0131kta Kalite Formlar\u0131 Turizm \/ TGA Paketi S\u00fcrd\u00fcr\u00fclebilirlik Formlar\u0131 \u00dcretim \/ \u0130SO Paketi \u00dcretim Planlama Formlar\u0131 Y\u00f6netim Paketi \u0130K, Tedarik vb. [&hellip;]\" \/>\n<meta property=\"og:url\" content=\"https:\/\/www.kolaytik.com\/en\/sektorel-cozumler\/\" \/>\n<meta property=\"og:site_name\" content=\"Kolaytik\" \/>\n<meta property=\"article:modified_time\" content=\"2025-10-13T10:44:24+00:00\" \/>\n<meta property=\"og:image\" content=\"https:\/\/www.kolaytik.com\/wp-content\/uploads\/2025\/01\/1-1024x1024.png\" \/>\n\t<meta property=\"og:image:width\" content=\"1024\" \/>\n\t<meta property=\"og:image:height\" content=\"1024\" \/>\n\t<meta property=\"og:image:type\" content=\"image\/png\" \/>\n<meta name=\"twitter:card\" content=\"summary_large_image\" \/>\n<meta name=\"twitter:label1\" content=\"Est. reading time\" \/>\n\t<meta name=\"twitter:data1\" content=\"3 minutes\" \/>\n<script type=\"application\/ld+json\" class=\"yoast-schema-graph\">{\"@context\":\"https:\/\/schema.org\",\"@graph\":[{\"@type\":\"WebPage\",\"@id\":\"https:\/\/www.kolaytik.com\/sektorel-cozumler\/\",\"url\":\"https:\/\/www.kolaytik.com\/sektorel-cozumler\/\",\"name\":\"Sekt\u00f6rel \u00c7\u00f6z\u00fcmler - Kolaytik\",\"isPartOf\":{\"@id\":\"https:\/\/www.kolaytik.com\/#website\"},\"primaryImageOfPage\":{\"@id\":\"https:\/\/www.kolaytik.com\/sektorel-cozumler\/#primaryimage\"},\"image\":{\"@id\":\"https:\/\/www.kolaytik.com\/sektorel-cozumler\/#primaryimage\"},\"thumbnailUrl\":\"https:\/\/www.kolaytik.com\/wp-content\/uploads\/2025\/01\/1-1024x1024.png\",\"datePublished\":\"2025-01-21T11:55:49+00:00\",\"dateModified\":\"2025-10-13T10:44:24+00:00\",\"breadcrumb\":{\"@id\":\"https:\/\/www.kolaytik.com\/sektorel-cozumler\/#breadcrumb\"},\"inLanguage\":\"en-US\",\"potentialAction\":[{\"@type\":\"ReadAction\",\"target\":[\"https:\/\/www.kolaytik.com\/sektorel-cozumler\/\"]}]},{\"@type\":\"ImageObject\",\"inLanguage\":\"en-US\",\"@id\":\"https:\/\/www.kolaytik.com\/sektorel-cozumler\/#primaryimage\",\"url\":\"https:\/\/www.kolaytik.com\/wp-content\/uploads\/2025\/01\/1-1024x1024.png\",\"contentUrl\":\"https:\/\/www.kolaytik.com\/wp-content\/uploads\/2025\/01\/1-1024x1024.png\"},{\"@type\":\"BreadcrumbList\",\"@id\":\"https:\/\/www.kolaytik.com\/sektorel-cozumler\/#breadcrumb\",\"itemListElement\":[{\"@type\":\"ListItem\",\"position\":1,\"name\":\"Anasayfa\",\"item\":\"https:\/\/www.kolaytik.com\/\"},{\"@type\":\"ListItem\",\"position\":2,\"name\":\"Sekt\u00f6rel \u00c7\u00f6z\u00fcmler\"}]},{\"@type\":\"WebSite\",\"@id\":\"https:\/\/www.kolaytik.com\/#website\",\"url\":\"https:\/\/www.kolaytik.com\/\",\"name\":\"Kolaytik\",\"description\":\"Ka\u011f\u0131t m\u0131? Yok art\u0131k\",\"publisher\":{\"@id\":\"https:\/\/www.kolaytik.com\/#organization\"},\"potentialAction\":[{\"@type\":\"SearchAction\",\"target\":{\"@type\":\"EntryPoint\",\"urlTemplate\":\"https:\/\/www.kolaytik.com\/?s={search_term_string}\"},\"query-input\":{\"@type\":\"PropertyValueSpecification\",\"valueRequired\":true,\"valueName\":\"search_term_string\"}}],\"inLanguage\":\"en-US\"},{\"@type\":\"Organization\",\"@id\":\"https:\/\/www.kolaytik.com\/#organization\",\"name\":\"Kolaytik Teknoloji Limited \u015eirketi\",\"url\":\"https:\/\/www.kolaytik.com\/\",\"logo\":{\"@type\":\"ImageObject\",\"inLanguage\":\"en-US\",\"@id\":\"https:\/\/www.kolaytik.com\/#\/schema\/logo\/image\/\",\"url\":\"http:\/\/www.kolaytik.com\/wp-content\/uploads\/2024\/11\/Transparent_Logo.png\",\"contentUrl\":\"http:\/\/www.kolaytik.com\/wp-content\/uploads\/2024\/11\/Transparent_Logo.png\",\"width\":500,\"height\":500,\"caption\":\"Kolaytik Teknoloji Limited \u015eirketi\"},\"image\":{\"@id\":\"https:\/\/www.kolaytik.com\/#\/schema\/logo\/image\/\"},\"sameAs\":[\"https:\/\/www.linkedin.com\/company\/kolaytik\/\"]}]}<\/script>\n<!-- \/ Yoast SEO plugin. -->","yoast_head_json":{"title":"Sekt\u00f6rel \u00c7\u00f6z\u00fcmler - Kolaytik","robots":{"index":"index","follow":"follow","max-snippet":"max-snippet:-1","max-image-preview":"max-image-preview:large","max-video-preview":"max-video-preview:-1"},"canonical":"https:\/\/www.kolaytik.com\/en\/sektorel-cozumler\/","og_locale":"en_US","og_type":"article","og_title":"Sekt\u00f6rel \u00c7\u00f6z\u00fcmler - Kolaytik","og_description":"Sa\u011fl\u0131k, Turizm ve \u00dcretim sekt\u00f6rleri i\u00e7in, haz\u0131r modeller ile SKS, TGA, \u0130SO gibi denetimlere \u00f6zel \u00e7\u00f6z\u00fcmler D\u00f6n\u00fc\u015f\u00fcm\u00fc h\u0131zland\u0131r\u0131c\u0131 \u00e7\u00f6z\u00fcm paketleri. \u00c7\u00f6z\u00fcmlerimizle tan\u0131\u015f\u0131n Kapsaml\u0131 sekt\u00f6rel ihtiya\u00e7lar\u0131n\u0131z i\u00e7in anahtar \u00e7\u00f6z\u00fcm paketlerimizi inceleyin. Sa\u011fl\u0131k \/ SKS Paketi Sa\u011fl\u0131kta Kalite Formlar\u0131 Turizm \/ TGA Paketi S\u00fcrd\u00fcr\u00fclebilirlik Formlar\u0131 \u00dcretim \/ \u0130SO Paketi \u00dcretim Planlama Formlar\u0131 Y\u00f6netim Paketi \u0130K, Tedarik vb. [&hellip;]","og_url":"https:\/\/www.kolaytik.com\/en\/sektorel-cozumler\/","og_site_name":"Kolaytik","article_modified_time":"2025-10-13T10:44:24+00:00","og_image":[{"width":1024,"height":1024,"url":"https:\/\/www.kolaytik.com\/wp-content\/uploads\/2025\/01\/1-1024x1024.png","type":"image\/png"}],"twitter_card":"summary_large_image","twitter_misc":{"Est. reading time":"3 minutes"},"schema":{"@context":"https:\/\/schema.org","@graph":[{"@type":"WebPage","@id":"https:\/\/www.kolaytik.com\/sektorel-cozumler\/","url":"https:\/\/www.kolaytik.com\/sektorel-cozumler\/","name":"Sekt\u00f6rel \u00c7\u00f6z\u00fcmler - Kolaytik","isPartOf":{"@id":"https:\/\/www.kolaytik.com\/#website"},"primaryImageOfPage":{"@id":"https:\/\/www.kolaytik.com\/sektorel-cozumler\/#primaryimage"},"image":{"@id":"https:\/\/www.kolaytik.com\/sektorel-cozumler\/#primaryimage"},"thumbnailUrl":"https:\/\/www.kolaytik.com\/wp-content\/uploads\/2025\/01\/1-1024x1024.png","datePublished":"2025-01-21T11:55:49+00:00","dateModified":"2025-10-13T10:44:24+00:00","breadcrumb":{"@id":"https:\/\/www.kolaytik.com\/sektorel-cozumler\/#breadcrumb"},"inLanguage":"en-US","potentialAction":[{"@type":"ReadAction","target":["https:\/\/www.kolaytik.com\/sektorel-cozumler\/"]}]},{"@type":"ImageObject","inLanguage":"en-US","@id":"https:\/\/www.kolaytik.com\/sektorel-cozumler\/#primaryimage","url":"https:\/\/www.kolaytik.com\/wp-content\/uploads\/2025\/01\/1-1024x1024.png","contentUrl":"https:\/\/www.kolaytik.com\/wp-content\/uploads\/2025\/01\/1-1024x1024.png"},{"@type":"BreadcrumbList","@id":"https:\/\/www.kolaytik.com\/sektorel-cozumler\/#breadcrumb","itemListElement":[{"@type":"ListItem","position":1,"name":"Anasayfa","item":"https:\/\/www.kolaytik.com\/"},{"@type":"ListItem","position":2,"name":"Sekt\u00f6rel \u00c7\u00f6z\u00fcmler"}]},{"@type":"WebSite","@id":"https:\/\/www.kolaytik.com\/#website","url":"https:\/\/www.kolaytik.com\/","name":"Kolaytik","description":"Paper? No more","publisher":{"@id":"https:\/\/www.kolaytik.com\/#organization"},"potentialAction":[{"@type":"SearchAction","target":{"@type":"EntryPoint","urlTemplate":"https:\/\/www.kolaytik.com\/?s={search_term_string}"},"query-input":{"@type":"PropertyValueSpecification","valueRequired":true,"valueName":"search_term_string"}}],"inLanguage":"en-US"},{"@type":"Organization","@id":"https:\/\/www.kolaytik.com\/#organization","name":"Kolaytik Teknoloji Limited \u015eirketi","url":"https:\/\/www.kolaytik.com\/","logo":{"@type":"ImageObject","inLanguage":"en-US","@id":"https:\/\/www.kolaytik.com\/#\/schema\/logo\/image\/","url":"http:\/\/www.kolaytik.com\/wp-content\/uploads\/2024\/11\/Transparent_Logo.png","contentUrl":"http:\/\/www.kolaytik.com\/wp-content\/uploads\/2024\/11\/Transparent_Logo.png","width":500,"height":500,"caption":"Kolaytik Teknoloji Limited \u015eirketi"},"image":{"@id":"https:\/\/www.kolaytik.com\/#\/schema\/logo\/image\/"},"sameAs":["https:\/\/www.linkedin.com\/company\/kolaytik\/"]}]}},"_links":{"self":[{"href":"https:\/\/www.kolaytik.com\/en\/wp-json\/wp\/v2\/pages\/344","targetHints":{"allow":["GET"]}}],"collection":[{"href":"https:\/\/www.kolaytik.com\/en\/wp-json\/wp\/v2\/pages"}],"about":[{"href":"https:\/\/www.kolaytik.com\/en\/wp-json\/wp\/v2\/types\/page"}],"author":[{"embeddable":true,"href":"https:\/\/www.kolaytik.com\/en\/wp-json\/wp\/v2\/users\/1"}],"replies":[{"embeddable":true,"href":"https:\/\/www.kolaytik.com\/en\/wp-json\/wp\/v2\/comments?post=344"}],"version-history":[{"count":10,"href":"https:\/\/www.kolaytik.com\/en\/wp-json\/wp\/v2\/pages\/344\/revisions"}],"predecessor-version":[{"id":456,"href":"https:\/\/www.kolaytik.com\/en\/wp-json\/wp\/v2\/pages\/344\/revisions\/456"}],"wp:attachment":[{"href":"https:\/\/www.kolaytik.com\/en\/wp-json\/wp\/v2\/media?parent=344"}],"curies":[{"name":"wp","href":"https:\/\/api.w.org\/{rel}","templated":true}]}}