{"id":538,"date":"2026-01-06T13:37:58","date_gmt":"2026-01-06T10:37:58","guid":{"rendered":"https:\/\/www.kolaytik.com\/?page_id=538"},"modified":"2026-01-06T14:03:33","modified_gmt":"2026-01-06T11:03:33","slug":"kolaytik-akademi-bilgi-bankasi","status":"publish","type":"page","link":"https:\/\/www.kolaytik.com\/en\/kolaytik-akademi-bilgi-bankasi\/","title":{"rendered":"Kolaytik Academy - Form, Process and Digital Workflow Guides"},"content":{"rendered":"<p>Kolaytik Akademi contains 36 comprehensive guides prepared to accelerate the digital transformation of businesses. It includes step-by-step tutorials on form creation, process management, quality control, CRM flows and industry-specific digital forms.<\/p>\n<hr \/>\n<h2>\ud83d\udcd8 Form Creation Guides<\/h2>\n<ol>\n<li><a href=\"\/en\/blog\/form-olusturma-nedir\/\">What is Form Creation?<\/a><\/li>\n<li><a href=\"https:\/\/www.kolaytik.com\/en\/kolaytik-ile-form-olusturma-adim-adim-rehber\/\">Form Creation Guide with Kolaytik<\/a><\/li>\n<li><a href=\"\/en\/blog\/musteri-formu-nasil-hazirlanir\/\">How to Prepare a Customer Form?<\/a><\/li>\n<li><a href=\"\/en\/blog\/personel-izin-formu-ornegi\/\">Staff Leave Form Sample<\/a><\/li>\n<li><a href=\"https:\/\/www.kolaytik.com\/en\/iso-9001-kalite-yonetimi-form-ornekleri\/\">Form Samples for ISO 9001<\/a><\/li>\n<li><a href=\"https:\/\/www.kolaytik.com\/en\/randevu-formu-olusturma-en-iyi-yontem\/\">How to Create an Appointment Form<\/a><\/li>\n<li><a href=\"\/en\/blog\/mobil-uyumlu-form-nasil-yapilir\/\">How to Make a Mobile Compatible Form?<\/a><\/li>\n<li><a href=\"\/en\/blog\/sifreli-parametreli-form-olusturma\/\">Creating an Encrypted \/ Parameterized Form<\/a><\/li>\n<li><a href=\"https:\/\/www.kolaytik.com\/en\/formdan-gelen-verileri-nasil-analiz-ederim\/\">How to Analyze Form Data?<\/a><\/li>\n<li><a href=\"https:\/\/www.kolaytik.com\/en\/google-sheets-entegrasyonlu-form-nasil-yapilir\/\">Google Sheets Integrated Form<\/a><\/li>\n<li><a href=\"\/en\/blog\/sektore-ozel-form-ornekleri\/\">Sector Specific Form Examples<\/a><\/li>\n<li><a href=\"\/en\/blog\/dijital-form-kullanmanin-avantajlari\/\">Advantages of Using Digital Forms<\/a><\/li>\n<\/ol>\n<hr \/>\n<h2>\u2699\ufe0f Process and Workflow Management Guides<\/h2>\n<ol start=\"13\">\n<li><a href=\"\/en\/blog\/is-akisi-olusturma-nedir\/\">What is Workflow Creation?<\/a><\/li>\n<li><a href=\"https:\/\/www.kolaytik.com\/en\/kolaytik-ile-otomatik-surec-nasil-kurulur\/\">Automated Process Setup with Kolaytik<\/a><\/li>\n<li><a href=\"https:\/\/www.kolaytik.com\/en\/kobi-dijital-donusumunde-surec-yonetimi\/\">SME Digital Transformation and Process Management<\/a><\/li>\n<li><a href=\"https:\/\/www.kolaytik.com\/en\/iso-9001-dokumantasyon-surecini-dijitallestirme\/\">ISO 9001 Documentation Digitization<\/a><\/li>\n<li><a href=\"https:\/\/www.kolaytik.com\/en\/kalite-kontrol-surecleri-icin-otomasyon-ornekleri\/\">Quality Control Process Automation<\/a><\/li>\n<li><a href=\"https:\/\/www.kolaytik.com\/en\/onay-mekanizmasi-kurma-ornek-senaryo\/\">How is the Approval Mechanism Established?<\/a><\/li>\n<li><a href=\"https:\/\/www.kolaytik.com\/en\/musteri-sikayet-sureci-otomasyonu\/\">Customer Complaint Process Automation<\/a><\/li>\n<li><a href=\"\/en\/blog\/personel-performans-degerlendirme-sureci\/\">Personnel Performance Evaluation Process<\/a><\/li>\n<li><a href=\"\/en\/blog\/teklif-siparis-teslim-is-akisi-ornegi\/\">Offer-Order-Delivery Workflow<\/a><\/li>\n<li><a href=\"\/en\/blog\/misafir-formu-crm-akisi\/\">Guest Form \u2192 CRM Flow<\/a><\/li>\n<li><a href=\"https:\/\/www.kolaytik.com\/en\/veri-akisi-otomasyonu-google-sheets-pdf\/\">Data Flow Automation (Sheets \u2192 PDF)<\/a><\/li>\n<li><a href=\"https:\/\/www.kolaytik.com\/en\/otomatik-pdf-ve-rapor-olusturma\/\">Automatic PDF - Report Generation<\/a><\/li>\n<\/ol>\n<hr \/>\n<h2>\ud83c\udfed Sectoral Digitalization Guides<\/h2>\n<ol start=\"25\">\n<li><a href=\"https:\/\/www.kolaytik.com\/en\/spor-salonu-icin-dijital-is-akisi\/\">Gym Digital Workflow<\/a><\/li>\n<li><a href=\"https:\/\/www.kolaytik.com\/en\/guzellik-salonu-kuafor-estetik-isletmeleri-icin-otomasyon\/\">Automation of Hairdresser &amp; Aesthetic Businesses<\/a><\/li>\n<li><a href=\"https:\/\/www.kolaytik.com\/en\/klinik-saglik-merkezleri-icin-form-ve-randevu\/\">Clinic &amp; Health Centers Digital Forms<\/a><\/li>\n<li><a href=\"https:\/\/www.kolaytik.com\/en\/oteller-icin-misafir-geri-bildirim-sistemleri\/\">Hotel Guest Feedback System<\/a><\/li>\n<li><a href=\"https:\/\/www.kolaytik.com\/en\/kargo-lojistik-icin-operasyon-formlari\/\">Cargo &amp; Logistics Operation Forms<\/a><\/li>\n<li><a href=\"https:\/\/www.kolaytik.com\/en\/uretim-sirketleri-icin-kalite-kontrol-formlari\/\">Production Companies Quality Control Forms<\/a><\/li>\n<li><a href=\"https:\/\/www.kolaytik.com\/en\/egitim-kurumlari-kayit-yoklama-formlari\/\">Education Institutions: Registration and Attendance<\/a><\/li>\n<li><a href=\"https:\/\/www.kolaytik.com\/en\/restaurant-ve-franchise-zincirleri-icin-surec-yonetimi\/\">Restaurant &amp; Franchise Process Management<\/a><\/li>\n<li><a href=\"https:\/\/www.kolaytik.com\/en\/e-ticaret-isletmeleri-icin-siparis-sonrasi-akislar\/\">E-Commerce Post Order Flows<\/a><\/li>\n<li><a href=\"https:\/\/www.kolaytik.com\/en\/teklif-toplama-fiyatlandirma-otomasyonu\/\">Offer Collection &amp; Pricing<\/a><\/li>\n<li><a href=\"https:\/\/www.kolaytik.com\/en\/insan-kaynaklari-dijital-basvuru-ozgecmis-akisi\/\">Digital HR Application - CV Flow<\/a><\/li>\n<li><a href=\"https:\/\/www.kolaytik.com\/en\/is-guvenligi-isg-form-ve-is-akisi-paketleri\/\">OHS Digital Form &amp; Workflow Packages<\/a><\/li>\n<\/ol>\n<hr \/>\n<p>All content has been prepared for you to use Kolaytik product more efficiently. New guides will continue to be added to the Academy page regularly.<\/p>","protected":false},"excerpt":{"rendered":"<p>Kolaytik Akademi, i\u015fletmelerin dijital d\u00f6n\u00fc\u015f\u00fcm\u00fcn\u00fc h\u0131zland\u0131rmak i\u00e7in haz\u0131rlanm\u0131\u015f 36 kapsaml\u0131 rehber i\u00e7erir. Form olu\u015fturma, s\u00fcre\u00e7 y\u00f6netimi, kalite kontrol, CRM ak\u0131\u015flar\u0131 ve sekt\u00f6re \u00f6zel dijital formlar hakk\u0131nda ad\u0131m ad\u0131m anlat\u0131mlar i\u00e7erir. \ud83d\udcd8 Form Olu\u015fturma Rehberleri Form Olu\u015fturma Nedir? Kolaytik ile Form Olu\u015fturma Rehberi M\u00fc\u015fteri Formu Nas\u0131l Haz\u0131rlan\u0131r? Personel \u0130zin Formu \u00d6rne\u011fi ISO 9001 \u0130\u00e7in Form \u00d6rnekleri [&hellip;]<\/p>\n","protected":false},"author":1,"featured_media":0,"parent":0,"menu_order":0,"comment_status":"closed","ping_status":"closed","template":"","meta":{"footnotes":""},"class_list":["post-538","page","type-page","status-publish","hentry"],"yoast_head":"<!-- This site is optimized with the Yoast SEO plugin v26.8 - https:\/\/yoast.com\/product\/yoast-seo-wordpress\/ -->\n<title>Kolaytik Akademi \u2013 Form, S\u00fcre\u00e7 ve Dijital \u0130\u015f Ak\u0131\u015f\u0131 Rehberleri - Kolaytik<\/title>\n<meta name=\"description\" content=\"Form olu\u015fturma, s\u00fcre\u00e7 otomasyonu, kalite y\u00f6netimi ve sekt\u00f6rel dijitalle\u015fme i\u00e7in 36 kapsaml\u0131 rehber. Kolaytik Akademi ile i\u015fletmenizi ad\u0131m ad\u0131m dijitalle\u015ftirin.\" \/>\n<meta name=\"robots\" content=\"index, follow, max-snippet:-1, max-image-preview:large, max-video-preview:-1\" \/>\n<link rel=\"canonical\" href=\"https:\/\/www.kolaytik.com\/en\/kolaytik-akademi-bilgi-bankasi\/\" \/>\n<meta property=\"og:locale\" content=\"en_US\" \/>\n<meta property=\"og:type\" content=\"article\" \/>\n<meta property=\"og:title\" content=\"Kolaytik Akademi \u2013 Form, S\u00fcre\u00e7 ve Dijital \u0130\u015f Ak\u0131\u015f\u0131 Rehberleri - Kolaytik\" \/>\n<meta property=\"og:description\" content=\"Form olu\u015fturma, s\u00fcre\u00e7 otomasyonu, kalite y\u00f6netimi ve sekt\u00f6rel dijitalle\u015fme i\u00e7in 36 kapsaml\u0131 rehber. Kolaytik Akademi ile i\u015fletmenizi ad\u0131m ad\u0131m dijitalle\u015ftirin.\" \/>\n<meta property=\"og:url\" content=\"https:\/\/www.kolaytik.com\/en\/kolaytik-akademi-bilgi-bankasi\/\" \/>\n<meta property=\"og:site_name\" content=\"Kolaytik\" \/>\n<meta property=\"article:modified_time\" content=\"2026-01-06T11:03:33+00:00\" \/>\n<meta name=\"twitter:card\" content=\"summary_large_image\" \/>\n<meta name=\"twitter:label1\" content=\"Est. reading time\" \/>\n\t<meta name=\"twitter:data1\" content=\"2 minutes\" \/>\n<script type=\"application\/ld+json\" class=\"yoast-schema-graph\">{\"@context\":\"https:\/\/schema.org\",\"@graph\":[{\"@type\":\"WebPage\",\"@id\":\"https:\/\/www.kolaytik.com\/kolaytik-akademi-bilgi-bankasi\/\",\"url\":\"https:\/\/www.kolaytik.com\/kolaytik-akademi-bilgi-bankasi\/\",\"name\":\"Kolaytik Akademi \u2013 Form, S\u00fcre\u00e7 ve Dijital \u0130\u015f Ak\u0131\u015f\u0131 Rehberleri - Kolaytik\",\"isPartOf\":{\"@id\":\"https:\/\/www.kolaytik.com\/#website\"},\"datePublished\":\"2026-01-06T10:37:58+00:00\",\"dateModified\":\"2026-01-06T11:03:33+00:00\",\"description\":\"Form olu\u015fturma, s\u00fcre\u00e7 otomasyonu, kalite y\u00f6netimi ve sekt\u00f6rel dijitalle\u015fme i\u00e7in 36 kapsaml\u0131 rehber. Kolaytik Akademi ile i\u015fletmenizi ad\u0131m ad\u0131m dijitalle\u015ftirin.\",\"breadcrumb\":{\"@id\":\"https:\/\/www.kolaytik.com\/kolaytik-akademi-bilgi-bankasi\/#breadcrumb\"},\"inLanguage\":\"en-US\",\"potentialAction\":[{\"@type\":\"ReadAction\",\"target\":[\"https:\/\/www.kolaytik.com\/kolaytik-akademi-bilgi-bankasi\/\"]}]},{\"@type\":\"BreadcrumbList\",\"@id\":\"https:\/\/www.kolaytik.com\/kolaytik-akademi-bilgi-bankasi\/#breadcrumb\",\"itemListElement\":[{\"@type\":\"ListItem\",\"position\":1,\"name\":\"Anasayfa\",\"item\":\"https:\/\/www.kolaytik.com\/\"},{\"@type\":\"ListItem\",\"position\":2,\"name\":\"Kolaytik Akademi \u2013 Form, S\u00fcre\u00e7 ve Dijital \u0130\u015f Ak\u0131\u015f\u0131 Rehberleri\"}]},{\"@type\":\"WebSite\",\"@id\":\"https:\/\/www.kolaytik.com\/#website\",\"url\":\"https:\/\/www.kolaytik.com\/\",\"name\":\"Kolaytik\",\"description\":\"Ka\u011f\u0131t m\u0131? Yok art\u0131k\",\"publisher\":{\"@id\":\"https:\/\/www.kolaytik.com\/#organization\"},\"potentialAction\":[{\"@type\":\"SearchAction\",\"target\":{\"@type\":\"EntryPoint\",\"urlTemplate\":\"https:\/\/www.kolaytik.com\/?s={search_term_string}\"},\"query-input\":{\"@type\":\"PropertyValueSpecification\",\"valueRequired\":true,\"valueName\":\"search_term_string\"}}],\"inLanguage\":\"en-US\"},{\"@type\":\"Organization\",\"@id\":\"https:\/\/www.kolaytik.com\/#organization\",\"name\":\"Kolaytik Teknoloji Limited \u015eirketi\",\"url\":\"https:\/\/www.kolaytik.com\/\",\"logo\":{\"@type\":\"ImageObject\",\"inLanguage\":\"en-US\",\"@id\":\"https:\/\/www.kolaytik.com\/#\/schema\/logo\/image\/\",\"url\":\"http:\/\/www.kolaytik.com\/wp-content\/uploads\/2024\/11\/Transparent_Logo.png\",\"contentUrl\":\"http:\/\/www.kolaytik.com\/wp-content\/uploads\/2024\/11\/Transparent_Logo.png\",\"width\":500,\"height\":500,\"caption\":\"Kolaytik Teknoloji Limited \u015eirketi\"},\"image\":{\"@id\":\"https:\/\/www.kolaytik.com\/#\/schema\/logo\/image\/\"},\"sameAs\":[\"https:\/\/www.linkedin.com\/company\/kolaytik\/\"]}]}<\/script>\n<!-- \/ Yoast SEO plugin. -->","yoast_head_json":{"title":"Kolaytik Akademi \u2013 Form, S\u00fcre\u00e7 ve Dijital \u0130\u015f Ak\u0131\u015f\u0131 Rehberleri - Kolaytik","description":"Form olu\u015fturma, s\u00fcre\u00e7 otomasyonu, kalite y\u00f6netimi ve sekt\u00f6rel dijitalle\u015fme i\u00e7in 36 kapsaml\u0131 rehber. Kolaytik Akademi ile i\u015fletmenizi ad\u0131m ad\u0131m dijitalle\u015ftirin.","robots":{"index":"index","follow":"follow","max-snippet":"max-snippet:-1","max-image-preview":"max-image-preview:large","max-video-preview":"max-video-preview:-1"},"canonical":"https:\/\/www.kolaytik.com\/en\/kolaytik-akademi-bilgi-bankasi\/","og_locale":"en_US","og_type":"article","og_title":"Kolaytik Akademi \u2013 Form, S\u00fcre\u00e7 ve Dijital \u0130\u015f Ak\u0131\u015f\u0131 Rehberleri - Kolaytik","og_description":"Form olu\u015fturma, s\u00fcre\u00e7 otomasyonu, kalite y\u00f6netimi ve sekt\u00f6rel dijitalle\u015fme i\u00e7in 36 kapsaml\u0131 rehber. Kolaytik Akademi ile i\u015fletmenizi ad\u0131m ad\u0131m dijitalle\u015ftirin.","og_url":"https:\/\/www.kolaytik.com\/en\/kolaytik-akademi-bilgi-bankasi\/","og_site_name":"Kolaytik","article_modified_time":"2026-01-06T11:03:33+00:00","twitter_card":"summary_large_image","twitter_misc":{"Est. reading time":"2 minutes"},"schema":{"@context":"https:\/\/schema.org","@graph":[{"@type":"WebPage","@id":"https:\/\/www.kolaytik.com\/kolaytik-akademi-bilgi-bankasi\/","url":"https:\/\/www.kolaytik.com\/kolaytik-akademi-bilgi-bankasi\/","name":"Kolaytik Akademi \u2013 Form, S\u00fcre\u00e7 ve Dijital \u0130\u015f Ak\u0131\u015f\u0131 Rehberleri - Kolaytik","isPartOf":{"@id":"https:\/\/www.kolaytik.com\/#website"},"datePublished":"2026-01-06T10:37:58+00:00","dateModified":"2026-01-06T11:03:33+00:00","description":"Form olu\u015fturma, s\u00fcre\u00e7 otomasyonu, kalite y\u00f6netimi ve sekt\u00f6rel dijitalle\u015fme i\u00e7in 36 kapsaml\u0131 rehber. Kolaytik Akademi ile i\u015fletmenizi ad\u0131m ad\u0131m dijitalle\u015ftirin.","breadcrumb":{"@id":"https:\/\/www.kolaytik.com\/kolaytik-akademi-bilgi-bankasi\/#breadcrumb"},"inLanguage":"en-US","potentialAction":[{"@type":"ReadAction","target":["https:\/\/www.kolaytik.com\/kolaytik-akademi-bilgi-bankasi\/"]}]},{"@type":"BreadcrumbList","@id":"https:\/\/www.kolaytik.com\/kolaytik-akademi-bilgi-bankasi\/#breadcrumb","itemListElement":[{"@type":"ListItem","position":1,"name":"Anasayfa","item":"https:\/\/www.kolaytik.com\/"},{"@type":"ListItem","position":2,"name":"Kolaytik Akademi \u2013 Form, S\u00fcre\u00e7 ve Dijital \u0130\u015f Ak\u0131\u015f\u0131 Rehberleri"}]},{"@type":"WebSite","@id":"https:\/\/www.kolaytik.com\/#website","url":"https:\/\/www.kolaytik.com\/","name":"Kolaytik","description":"Paper? No more","publisher":{"@id":"https:\/\/www.kolaytik.com\/#organization"},"potentialAction":[{"@type":"SearchAction","target":{"@type":"EntryPoint","urlTemplate":"https:\/\/www.kolaytik.com\/?s={search_term_string}"},"query-input":{"@type":"PropertyValueSpecification","valueRequired":true,"valueName":"search_term_string"}}],"inLanguage":"en-US"},{"@type":"Organization","@id":"https:\/\/www.kolaytik.com\/#organization","name":"Kolaytik Teknoloji Limited \u015eirketi","url":"https:\/\/www.kolaytik.com\/","logo":{"@type":"ImageObject","inLanguage":"en-US","@id":"https:\/\/www.kolaytik.com\/#\/schema\/logo\/image\/","url":"http:\/\/www.kolaytik.com\/wp-content\/uploads\/2024\/11\/Transparent_Logo.png","contentUrl":"http:\/\/www.kolaytik.com\/wp-content\/uploads\/2024\/11\/Transparent_Logo.png","width":500,"height":500,"caption":"Kolaytik Teknoloji Limited \u015eirketi"},"image":{"@id":"https:\/\/www.kolaytik.com\/#\/schema\/logo\/image\/"},"sameAs":["https:\/\/www.linkedin.com\/company\/kolaytik\/"]}]}},"_links":{"self":[{"href":"https:\/\/www.kolaytik.com\/en\/wp-json\/wp\/v2\/pages\/538","targetHints":{"allow":["GET"]}}],"collection":[{"href":"https:\/\/www.kolaytik.com\/en\/wp-json\/wp\/v2\/pages"}],"about":[{"href":"https:\/\/www.kolaytik.com\/en\/wp-json\/wp\/v2\/types\/page"}],"author":[{"embeddable":true,"href":"https:\/\/www.kolaytik.com\/en\/wp-json\/wp\/v2\/users\/1"}],"replies":[{"embeddable":true,"href":"https:\/\/www.kolaytik.com\/en\/wp-json\/wp\/v2\/comments?post=538"}],"version-history":[{"count":6,"href":"https:\/\/www.kolaytik.com\/en\/wp-json\/wp\/v2\/pages\/538\/revisions"}],"predecessor-version":[{"id":546,"href":"https:\/\/www.kolaytik.com\/en\/wp-json\/wp\/v2\/pages\/538\/revisions\/546"}],"wp:attachment":[{"href":"https:\/\/www.kolaytik.com\/en\/wp-json\/wp\/v2\/media?parent=538"}],"curies":[{"name":"wp","href":"https:\/\/api.w.org\/{rel}","templated":true}]}}