{"id":90,"date":"2024-07-23T10:09:57","date_gmt":"2024-07-23T10:09:57","guid":{"rendered":"https:\/\/www.kolaytik.com\/?page_id=90"},"modified":"2025-01-27T09:18:41","modified_gmt":"2025-01-27T06:18:41","slug":"cerezler","status":"publish","type":"page","link":"https:\/\/www.kolaytik.com\/en\/cerezler\/","title":{"rendered":"\u00c7erezler"},"content":{"rendered":"<p><strong>\u00c7erez politikas\u0131<\/strong><\/p>\n\n\n\n<p>\u00c7erez politikas\u0131 sayfas\u0131nda (&#8220;Biz&#8221;, &#8220;bizi&#8221;, &#8220;bizim&#8221;), ilgili veri koruma kurallar\u0131 kapsam\u0131nda ki\u015fisel veri Denetleyicisi olarak hareket ederken, web sitemizi kullanan ziyaret\u00e7ilerden toplad\u0131\u011f\u0131m\u0131z t\u00fcm verilerin gizlili\u011fine ve g\u00fcvenli\u011fine sayg\u0131 g\u00f6stermeye \u00e7al\u0131\u015f\u0131yoruz. ve d\u00fczenlemeler. Web sitemiz, web sitemizdeki eylemlerinizi anlamak ve sizi web sitemizin di\u011fer kullan\u0131c\u0131lar\u0131ndan ay\u0131rmak i\u00e7in \u00e7erezler, izleme pikselleri, yerel depolama nesneleri ve benzer teknolojiler (aksi belirtilmedik\u00e7e topluca &#8220;\u00e7erezler&#8221;) kullan\u0131r. Bu, size iyi bir deneyim sunmam\u0131za, hizmetimizi geli\u015ftirmemize ve web sitesini kullan\u0131rken reklamlar\u0131 ve i\u00e7eri\u011fi size g\u00f6re ki\u015fiselle\u015ftirmemize yard\u0131mc\u0131 olur.<\/p>\n\n\n\n<p>Bu \u00e7erez politikas\u0131 (\u201c\u00c7erez Politikas\u0131\u201d) web sitesinde kulland\u0131\u011f\u0131m\u0131z \u00e7erez t\u00fcrlerini ve bunlar\u0131 kullanma ama\u00e7lar\u0131m\u0131z\u0131 a\u00e7\u0131klamaktad\u0131r.<\/p>\n\n\n\n<p>Bu politikayla ilgili sorular\u0131n\u0131z varsa l\u00fctfen ileti\u015fim formunu kullanarak bizimle ileti\u015fime ge\u00e7in. Gizlilik uygulamalar\u0131m\u0131z hakk\u0131nda daha fazla bilgi i\u00e7in l\u00fctfen Gizlilik Politikam\u0131z\u0131 inceleyin. Bu bildirime veya veri gizlili\u011fine ili\u015fkin herhangi bir sorunuz veya yorumunuz varsa l\u00fctfen ileti\u015fim formunu kullanarak bizimle ileti\u015fime ge\u00e7in.<\/p>\n\n\n\n<p>\u00c7erezleri neden kulland\u0131\u011f\u0131m\u0131za ve \u00e7erezlerin sizden ve sizin hakk\u0131n\u0131zda toplad\u0131\u011f\u0131 bilgilere ili\u015fkin ayr\u0131nt\u0131lar i\u00e7in l\u00fctfen bu politikay\u0131 dikkatlice okuyun.<\/p>\n\n\n\n<p><strong>1. \u00c7erez Tan\u0131mlar\u0131<\/strong><\/p>\n\n\n\n<p>\u00c7erez, taray\u0131c\u0131n\u0131za veya cihaz\u0131n\u0131z\u0131n bilgisayar belle\u011fine benzeyen sabit diskine saklad\u0131\u011f\u0131m\u0131z, harf ve rakamlardan olu\u015fan k\u00fc\u00e7\u00fck bir dosyad\u0131r.<\/p>\n\n\n\n<p>Birinci ve \u00fc\u00e7\u00fcnc\u00fc taraf \u00e7erezleri: Bir \u00e7erezin &#8216;birinci&#8217; veya &#8216;\u00fc\u00e7\u00fcnc\u00fc&#8217; taraf olmas\u0131, \u00e7erezi yerle\u015ftiren alan ad\u0131n\u0131 belirtir.<\/p>\n\n\n\n<p>Birinci taraf \u00e7erezleri, o s\u0131rada kullan\u0131c\u0131 taraf\u0131ndan ziyaret edilen bir web sitesi taraf\u0131ndan belirlenen \u00e7erezlerdir (\u00f6rne\u011fin, web sitemizin alan\u0131 taraf\u0131ndan yerle\u015ftirilen \u00e7erezler).<\/p>\n\n\n\n<p>\u00dc\u00e7\u00fcnc\u00fc taraf \u00e7erezleri, kullan\u0131c\u0131n\u0131n ziyaret etti\u011fi web sitesinin alan\u0131 d\u0131\u015f\u0131nda bir alan ad\u0131 taraf\u0131ndan ayarlanan \u00e7erezlerdir. Bir kullan\u0131c\u0131 bir web sitesini ziyaret ederse ve ba\u015fka bir varl\u0131k bu web sitesi arac\u0131l\u0131\u011f\u0131yla bir \u00e7erez yerle\u015ftirirse, bu bir \u00fc\u00e7\u00fcnc\u00fc taraf \u00e7erezi olacakt\u0131r.<\/p>\n\n\n\n<p>Kal\u0131c\u0131 \u00e7erezler: Bu \u00e7erezler, \u00e7erezde belirtilen s\u00fcre boyunca kullan\u0131c\u0131n\u0131n cihaz\u0131nda kal\u0131r. Kullan\u0131c\u0131 s\u00f6z konusu \u00e7erezi olu\u015fturan web sitesini her ziyaret etti\u011finde etkinle\u015ftirilirler.<\/p>\n\n\n\n<p>Oturum \u00e7erezleri: Bu \u00e7erezler, web sitesi operat\u00f6rlerinin, bir taray\u0131c\u0131 oturumu s\u0131ras\u0131nda kullan\u0131c\u0131n\u0131n eylemlerini ili\u015fkilendirmesine olanak tan\u0131r. Taray\u0131c\u0131 oturumu, kullan\u0131c\u0131 taray\u0131c\u0131 penceresini a\u00e7t\u0131\u011f\u0131nda ba\u015flar ve taray\u0131c\u0131 penceresini kapatt\u0131\u011f\u0131nda sona erer. Oturum \u00e7erezleri ge\u00e7ici olarak olu\u015fturulur. Taray\u0131c\u0131y\u0131 kapatt\u0131\u011f\u0131n\u0131zda t\u00fcm oturum \u00e7erezleri silinir.<\/p>\n\n\n\n<p><strong>2. Hangi \u00c7erezleri Kullan\u0131yoruz ve Neden?<\/strong><\/p>\n\n\n\n<p>Genel olarak web sitesi, sizi web sitesinin di\u011fer kullan\u0131c\u0131lar\u0131ndan ay\u0131rmak i\u00e7in \u00e7erezleri kullan\u0131r. Bu, web sitesine g\u00f6z att\u0131\u011f\u0131n\u0131zda size iyi bir deneyim sunmam\u0131za yard\u0131mc\u0131 olur ve ayn\u0131 zamanda onu geli\u015ftirmemize de olanak tan\u0131r. Web sitesinde kullanabilece\u011fimiz \u00e7erezler \u015fu \u015fekilde s\u0131n\u0131fland\u0131r\u0131labilir:<\/p>\n\n\n\n<p>Gerekli, Tercihler, \u0130statistik, Pazarlama<\/p>\n\n\n\n<p>Baz\u0131 \u00e7erezler bu ama\u00e7lar\u0131n birden fazlas\u0131n\u0131 yerine getirebilir.<\/p>\n\n\n\n<p>&#8216;Gerekli&#8217; \u00e7erezler, web sitesinde gezinmenize ve g\u00fcvenli alanlar gibi temel \u00f6zellikleri kullanman\u0131za olanak tan\u0131r. Bu \u00e7erezler olmadan talep edilen hizmetleri sa\u011flayamay\u0131z.<\/p>\n\n\n\n<p>Bu Gerekli \u00e7erezleri a\u015fa\u011f\u0131daki ama\u00e7larla kullan\u0131r\u0131z:<\/p>\n\n\n\n<p>Web sitesinde oturum a\u00e7m\u0131\u015f oldu\u011funuzu tan\u0131mlamak ve kimli\u011finizi do\u011frulamak i\u00e7in<\/p>\n\n\n\n<p>Web sitesinin \u00e7al\u0131\u015fma bi\u00e7iminde herhangi bir de\u011fi\u015fiklik yapt\u0131\u011f\u0131m\u0131zda, web sitesindeki do\u011fru hizmete ba\u011fland\u0131\u011f\u0131n\u0131zdan emin olun.<\/p>\n\n\n\n<p>G\u00fcvenlik amac\u0131yla<\/p>\n\n\n\n<p>Web sitesinin \u00e7al\u0131\u015fma bi\u00e7iminde herhangi bir de\u011fi\u015fiklik yapt\u0131\u011f\u0131m\u0131zda, web sitesindeki do\u011fru hizmete ba\u011fland\u0131\u011f\u0131n\u0131zdan emin olun.<\/p>\n\n\n\n<p>D\u00fczen, metin boyutu, tercihler ve renkler gibi uygulad\u0131\u011f\u0131n\u0131z ayarlar\u0131 hat\u0131rlay\u0131n<\/p>\n\n\n\n<p>Size daha \u00f6nce bir anketi doldurmak isteyip istemedi\u011finizi sordu\u011fumuzu unutmay\u0131n<\/p>\n\n\n\n<p>Tekrarlanmamas\u0131 i\u00e7in web sitesindeki belirli bir bile\u015fen veya listeyle ilgilenip ilgilenmedi\u011finizi unutmay\u0131n.<\/p>\n\n\n\n<p>Web sitesinde oturum a\u00e7t\u0131\u011f\u0131n\u0131zda size g\u00f6sterilir<\/p>\n\n\n\n<p>G\u00f6m\u00fcl\u00fc video i\u00e7eri\u011fini sa\u011flamak ve g\u00f6stermek i\u00e7in<\/p>\n\n\n\n<p>Bu \u00e7erezleri engellemeniz durumunda, ziyaretiniz s\u0131ras\u0131nda sitenin veya sitedeki g\u00fcvenli\u011fin nas\u0131l performans g\u00f6sterece\u011fini garanti edemeyiz.<\/p>\n\n\n\n<p>Bu \u00e7erezlerden baz\u0131lar\u0131 bizim i\u00e7in \u00fc\u00e7\u00fcnc\u00fc taraflarca y\u00f6netilmektedir<\/p>\n\n\n\n<p>&#8216;\u0130statistik&#8217; \u00e7erezleri, web sitesini nas\u0131l kulland\u0131\u011f\u0131n\u0131z hakk\u0131nda bilgi toplar; hangi sayfalar\u0131 ziyaret etti\u011finizi ve herhangi bir hatayla kar\u015f\u0131la\u015f\u0131p kar\u015f\u0131la\u015fmad\u0131\u011f\u0131n\u0131z\u0131 \u00f6\u011frenin. Bu \u00e7erezler yaln\u0131zca web sitesinin \u00e7al\u0131\u015fma \u015feklini iyile\u015ftirmemize, kullan\u0131c\u0131lar\u0131m\u0131z\u0131n \u00e7\u0131karlar\u0131n\u0131 anlamam\u0131za ve reklamlar\u0131m\u0131z\u0131n etkinli\u011fini \u00f6l\u00e7memize yard\u0131mc\u0131 olmak i\u00e7in kullan\u0131l\u0131r.<\/p>\n\n\n\n<p>Performans \u00e7erezlerini \u015fu ama\u00e7larla kullan\u0131r\u0131z:<\/p>\n\n\n\n<p>Web analizi yap\u0131n: Web sitesinin nas\u0131l kullan\u0131ld\u0131\u011f\u0131na ili\u015fkin istatistikler sa\u011flay\u0131n<\/p>\n\n\n\n<p>Ba\u011fl\u0131 kurulu\u015f takibi ger\u00e7ekle\u015ftirin: Ba\u011fl\u0131 kurulu\u015flara, ziyaret\u00e7ilerimizden birinin sitelerini de ziyaret etti\u011fine dair geri bildirim sa\u011flay\u0131n<\/p>\n\n\n\n<p>Bir \u00fcr\u00fcn veya hizmeti g\u00f6r\u00fcnt\u00fcleyen web sitesinin kullan\u0131c\u0131 say\u0131s\u0131na ili\u015fkin verileri elde edin<\/p>\n\n\n\n<p>Olu\u015fan hatalar\u0131 \u00f6l\u00e7erek web sitesini geli\u015ftirmemize yard\u0131mc\u0131 olun<\/p>\n\n\n\n<p>Web sitesi i\u00e7in farkl\u0131 tasar\u0131mlar\u0131 test edin<\/p>\n\n\n\n<p>Performans \u00e7erezlerimizden baz\u0131lar\u0131 bizim i\u00e7in \u00fc\u00e7\u00fcnc\u00fc taraflarca y\u00f6netilmektedir.<\/p>\n\n\n\n<p>&#8216;Pazarlama&#8217; \u00e7erezleri, web sitesine yapt\u0131\u011f\u0131n\u0131z ziyaretin yan\u0131 s\u0131ra, ziyaret etti\u011finiz sayfalar ve takip etti\u011finiz ba\u011flant\u0131lar da dahil olmak \u00fczere di\u011fer web siteleri, uygulamalar ve \u00e7evrimi\u00e7i hizmetleri izlemek i\u00e7in kullan\u0131l\u0131r; bu, web sitesinde size hedefli reklamlar g\u00f6stermemize olanak tan\u0131r.<\/p>\n\n\n\n<p>Hedefleme \u00e7erezlerini a\u015fa\u011f\u0131daki ama\u00e7larla kullanabiliriz:<\/p>\n\n\n\n<p>Web sitesinde hedeflenen reklamlar\u0131 g\u00f6r\u00fcnt\u00fcleyin.<\/p>\n\n\n\n<p>Ki\u015fiselle\u015ftirilmi\u015f reklamlar\u0131 ve i\u00e7eri\u011fi sunma \u015feklimizi geli\u015ftirmek ve web sitesindeki reklam kampanyalar\u0131n\u0131n ba\u015far\u0131s\u0131n\u0131 \u00f6l\u00e7mek.<\/p>\n\n\n\n<p><strong>3. Ne zaman izninize ihtiyac\u0131m\u0131z var?<\/strong><\/p>\n\n\n\n<p>T\u00fcm \u00e7erezler sizin izninizi gerektirir.<\/p>\n\n\n\n<p>Bunlar\u0131 cihaz\u0131n\u0131za yerle\u015ftirmeden \u00f6nce onay\u0131n\u0131z\u0131 istiyoruz. Size g\u00f6sterilen banner \u00fczerindeki uygun butona t\u0131klayarak onay\u0131n\u0131z\u0131 verebilirsiniz. Herhangi bir \u00e7ereze herhangi bir zamanda onay vermek istemezseniz veya onay\u0131n\u0131z\u0131 geri \u00e7ekmek isterseniz, taray\u0131c\u0131n\u0131z\u0131n ayarlar\u0131n\u0131 kullanarak \u00e7erezleri silmeniz, engellemeniz veya devre d\u0131\u015f\u0131 b\u0131rakman\u0131z gerekecektir; Bunun nas\u0131l yap\u0131laca\u011f\u0131 hakk\u0131nda daha fazla bilgi i\u00e7in a\u015fa\u011f\u0131ya bak\u0131n. Gerekli \u00e7erezleri devre d\u0131\u015f\u0131 b\u0131rakman\u0131n web sitesinin i\u015flevselli\u011fini etkileyece\u011fini ve web sitesindeki belirli \u00f6zelliklere eri\u015fmenizi engelleyebilece\u011fini l\u00fctfen unutmay\u0131n.<\/p>\n\n\n\n<p><strong>4. \u00c7erezlerimizi Nas\u0131l Silinir ve Engellenir?<\/strong><\/p>\n\n\n\n<p>Web sitemizi ilk ziyaretinizde \u00e7erezler konusunda bilin\u00e7li bir se\u00e7im yapabilirsiniz. CookieBot taraf\u0131ndan sa\u011flanan \u00e7erez ba\u015fl\u0131\u011f\u0131nda kullanmay\u0131 kabul etti\u011finiz \u00e7erezleri se\u00e7meniz yeterlidir.<\/p>\n\n\n\n<p>\u00c7erez Ayarlar\u0131n\u0131z\u0131n De\u011fi\u015ftirilmesi. \u00c7erez ayarlar\u0131n\u0131z\u0131 de\u011fi\u015ftirmek isterseniz Hesab\u0131m b\u00f6l\u00fcm\u00fcndeki ayarlar sekmesini ziyaret edebilir, &#8216;\u00e7erez ayarlar\u0131&#8217; b\u00f6l\u00fcm\u00fcne giderek tercihlerinizi buna g\u00f6re ayarlayabilirsiniz.<\/p>\n\n\n\n<p>\u00c7erez ayarlar\u0131n\u0131z\u0131 de\u011fi\u015ftirmek i\u00e7in kullan\u0131lan taray\u0131c\u0131 ayarlar\u0131 genellikle internet taray\u0131c\u0131n\u0131z\u0131n &#8216;se\u00e7enekler&#8217; veya &#8216;tercihler&#8217; men\u00fcs\u00fcnde bulunur. Bu ayarlar\u0131 anlamak i\u00e7in a\u015fa\u011f\u0131daki ba\u011flant\u0131lar faydal\u0131 olabilir. Aksi takdirde daha fazla ayr\u0131nt\u0131 i\u00e7in internet taray\u0131c\u0131n\u0131zdaki &#8216;Yard\u0131m&#8217; se\u00e7ene\u011fini kullanmal\u0131s\u0131n\u0131z.<\/p>\n\n\n\n<p>Daha fazla bilgi. Hangi \u00e7erezlerin ayarland\u0131\u011f\u0131n\u0131n nas\u0131l g\u00f6r\u00fclece\u011fi ve bunlar\u0131n nas\u0131l y\u00f6netilip silinece\u011fi de dahil olmak \u00fczere \u00e7erezler hakk\u0131nda daha fazla bilgi edinmek i\u00e7in www.aboutcookies.org adresini ziyaret edin.<\/p>","protected":false},"excerpt":{"rendered":"<p>\u00c7erez politikas\u0131 \u00c7erez politikas\u0131 sayfas\u0131nda (&#8220;Biz&#8221;, &#8220;bizi&#8221;, &#8220;bizim&#8221;), ilgili veri koruma kurallar\u0131 kapsam\u0131nda ki\u015fisel veri Denetleyicisi olarak hareket ederken, web sitemizi kullanan ziyaret\u00e7ilerden toplad\u0131\u011f\u0131m\u0131z t\u00fcm verilerin gizlili\u011fine ve g\u00fcvenli\u011fine sayg\u0131 g\u00f6stermeye \u00e7al\u0131\u015f\u0131yoruz. ve d\u00fczenlemeler. Web sitemiz, web sitemizdeki eylemlerinizi anlamak ve sizi web sitemizin di\u011fer kullan\u0131c\u0131lar\u0131ndan ay\u0131rmak i\u00e7in \u00e7erezler, izleme pikselleri, yerel depolama nesneleri ve [&hellip;]<\/p>\n","protected":false},"author":1,"featured_media":0,"parent":0,"menu_order":0,"comment_status":"closed","ping_status":"closed","template":"","meta":{"footnotes":""},"class_list":["post-90","page","type-page","status-publish","hentry"],"yoast_head":"<!-- This site is optimized with the Yoast SEO plugin v26.8 - https:\/\/yoast.com\/product\/yoast-seo-wordpress\/ -->\n<title>\u00c7erezler - Kolaytik<\/title>\n<meta name=\"description\" content=\"kolaytik sitesinde yer alan \u00e7erezlerin kullan\u0131m ko\u015fullar\u0131 ve son kullan\u0131c\u0131 bilgilendirmesi hakk\u0131nda i\u00e7erikleri yer almaktad\u0131r\" \/>\n<meta name=\"robots\" content=\"index, follow, max-snippet:-1, max-image-preview:large, max-video-preview:-1\" \/>\n<link rel=\"canonical\" href=\"https:\/\/www.kolaytik.com\/en\/cerezler\/\" \/>\n<meta property=\"og:locale\" content=\"en_US\" \/>\n<meta property=\"og:type\" content=\"article\" \/>\n<meta property=\"og:title\" content=\"\u00c7erezler - Kolaytik\" \/>\n<meta property=\"og:description\" content=\"kolaytik sitesinde yer alan \u00e7erezlerin kullan\u0131m ko\u015fullar\u0131 ve son kullan\u0131c\u0131 bilgilendirmesi hakk\u0131nda i\u00e7erikleri yer almaktad\u0131r\" \/>\n<meta property=\"og:url\" content=\"https:\/\/www.kolaytik.com\/en\/cerezler\/\" \/>\n<meta property=\"og:site_name\" content=\"Kolaytik\" \/>\n<meta property=\"article:modified_time\" content=\"2025-01-27T06:18:41+00:00\" \/>\n<meta name=\"twitter:card\" content=\"summary_large_image\" \/>\n<meta name=\"twitter:label1\" content=\"Est. reading time\" \/>\n\t<meta name=\"twitter:data1\" content=\"6 minutes\" \/>\n<script type=\"application\/ld+json\" class=\"yoast-schema-graph\">{\"@context\":\"https:\/\/schema.org\",\"@graph\":[{\"@type\":\"WebPage\",\"@id\":\"https:\/\/www.kolaytik.com\/cerezler\/\",\"url\":\"https:\/\/www.kolaytik.com\/cerezler\/\",\"name\":\"\u00c7erezler - Kolaytik\",\"isPartOf\":{\"@id\":\"https:\/\/www.kolaytik.com\/#website\"},\"datePublished\":\"2024-07-23T10:09:57+00:00\",\"dateModified\":\"2025-01-27T06:18:41+00:00\",\"description\":\"kolaytik sitesinde yer alan \u00e7erezlerin kullan\u0131m ko\u015fullar\u0131 ve son kullan\u0131c\u0131 bilgilendirmesi hakk\u0131nda i\u00e7erikleri yer almaktad\u0131r\",\"breadcrumb\":{\"@id\":\"https:\/\/www.kolaytik.com\/cerezler\/#breadcrumb\"},\"inLanguage\":\"en-US\",\"potentialAction\":[{\"@type\":\"ReadAction\",\"target\":[\"https:\/\/www.kolaytik.com\/cerezler\/\"]}]},{\"@type\":\"BreadcrumbList\",\"@id\":\"https:\/\/www.kolaytik.com\/cerezler\/#breadcrumb\",\"itemListElement\":[{\"@type\":\"ListItem\",\"position\":1,\"name\":\"Anasayfa\",\"item\":\"https:\/\/www.kolaytik.com\/\"},{\"@type\":\"ListItem\",\"position\":2,\"name\":\"\u00c7erezler\"}]},{\"@type\":\"WebSite\",\"@id\":\"https:\/\/www.kolaytik.com\/#website\",\"url\":\"https:\/\/www.kolaytik.com\/\",\"name\":\"Kolaytik\",\"description\":\"Ka\u011f\u0131t m\u0131? Yok art\u0131k\",\"publisher\":{\"@id\":\"https:\/\/www.kolaytik.com\/#organization\"},\"potentialAction\":[{\"@type\":\"SearchAction\",\"target\":{\"@type\":\"EntryPoint\",\"urlTemplate\":\"https:\/\/www.kolaytik.com\/?s={search_term_string}\"},\"query-input\":{\"@type\":\"PropertyValueSpecification\",\"valueRequired\":true,\"valueName\":\"search_term_string\"}}],\"inLanguage\":\"en-US\"},{\"@type\":\"Organization\",\"@id\":\"https:\/\/www.kolaytik.com\/#organization\",\"name\":\"Kolaytik Teknoloji Limited \u015eirketi\",\"url\":\"https:\/\/www.kolaytik.com\/\",\"logo\":{\"@type\":\"ImageObject\",\"inLanguage\":\"en-US\",\"@id\":\"https:\/\/www.kolaytik.com\/#\/schema\/logo\/image\/\",\"url\":\"http:\/\/www.kolaytik.com\/wp-content\/uploads\/2024\/11\/Transparent_Logo.png\",\"contentUrl\":\"http:\/\/www.kolaytik.com\/wp-content\/uploads\/2024\/11\/Transparent_Logo.png\",\"width\":500,\"height\":500,\"caption\":\"Kolaytik Teknoloji Limited \u015eirketi\"},\"image\":{\"@id\":\"https:\/\/www.kolaytik.com\/#\/schema\/logo\/image\/\"},\"sameAs\":[\"https:\/\/www.linkedin.com\/company\/kolaytik\/\"]}]}<\/script>\n<!-- \/ Yoast SEO plugin. -->","yoast_head_json":{"title":"\u00c7erezler - Kolaytik","description":"kolaytik sitesinde yer alan \u00e7erezlerin kullan\u0131m ko\u015fullar\u0131 ve son kullan\u0131c\u0131 bilgilendirmesi hakk\u0131nda i\u00e7erikleri yer almaktad\u0131r","robots":{"index":"index","follow":"follow","max-snippet":"max-snippet:-1","max-image-preview":"max-image-preview:large","max-video-preview":"max-video-preview:-1"},"canonical":"https:\/\/www.kolaytik.com\/en\/cerezler\/","og_locale":"en_US","og_type":"article","og_title":"\u00c7erezler - Kolaytik","og_description":"kolaytik sitesinde yer alan \u00e7erezlerin kullan\u0131m ko\u015fullar\u0131 ve son kullan\u0131c\u0131 bilgilendirmesi hakk\u0131nda i\u00e7erikleri yer almaktad\u0131r","og_url":"https:\/\/www.kolaytik.com\/en\/cerezler\/","og_site_name":"Kolaytik","article_modified_time":"2025-01-27T06:18:41+00:00","twitter_card":"summary_large_image","twitter_misc":{"Est. reading time":"6 minutes"},"schema":{"@context":"https:\/\/schema.org","@graph":[{"@type":"WebPage","@id":"https:\/\/www.kolaytik.com\/cerezler\/","url":"https:\/\/www.kolaytik.com\/cerezler\/","name":"\u00c7erezler - Kolaytik","isPartOf":{"@id":"https:\/\/www.kolaytik.com\/#website"},"datePublished":"2024-07-23T10:09:57+00:00","dateModified":"2025-01-27T06:18:41+00:00","description":"kolaytik sitesinde yer alan \u00e7erezlerin kullan\u0131m ko\u015fullar\u0131 ve son kullan\u0131c\u0131 bilgilendirmesi hakk\u0131nda i\u00e7erikleri yer almaktad\u0131r","breadcrumb":{"@id":"https:\/\/www.kolaytik.com\/cerezler\/#breadcrumb"},"inLanguage":"en-US","potentialAction":[{"@type":"ReadAction","target":["https:\/\/www.kolaytik.com\/cerezler\/"]}]},{"@type":"BreadcrumbList","@id":"https:\/\/www.kolaytik.com\/cerezler\/#breadcrumb","itemListElement":[{"@type":"ListItem","position":1,"name":"Anasayfa","item":"https:\/\/www.kolaytik.com\/"},{"@type":"ListItem","position":2,"name":"\u00c7erezler"}]},{"@type":"WebSite","@id":"https:\/\/www.kolaytik.com\/#website","url":"https:\/\/www.kolaytik.com\/","name":"Kolaytik","description":"Paper? No more","publisher":{"@id":"https:\/\/www.kolaytik.com\/#organization"},"potentialAction":[{"@type":"SearchAction","target":{"@type":"EntryPoint","urlTemplate":"https:\/\/www.kolaytik.com\/?s={search_term_string}"},"query-input":{"@type":"PropertyValueSpecification","valueRequired":true,"valueName":"search_term_string"}}],"inLanguage":"en-US"},{"@type":"Organization","@id":"https:\/\/www.kolaytik.com\/#organization","name":"Kolaytik Teknoloji Limited \u015eirketi","url":"https:\/\/www.kolaytik.com\/","logo":{"@type":"ImageObject","inLanguage":"en-US","@id":"https:\/\/www.kolaytik.com\/#\/schema\/logo\/image\/","url":"http:\/\/www.kolaytik.com\/wp-content\/uploads\/2024\/11\/Transparent_Logo.png","contentUrl":"http:\/\/www.kolaytik.com\/wp-content\/uploads\/2024\/11\/Transparent_Logo.png","width":500,"height":500,"caption":"Kolaytik Teknoloji Limited \u015eirketi"},"image":{"@id":"https:\/\/www.kolaytik.com\/#\/schema\/logo\/image\/"},"sameAs":["https:\/\/www.linkedin.com\/company\/kolaytik\/"]}]}},"_links":{"self":[{"href":"https:\/\/www.kolaytik.com\/en\/wp-json\/wp\/v2\/pages\/90","targetHints":{"allow":["GET"]}}],"collection":[{"href":"https:\/\/www.kolaytik.com\/en\/wp-json\/wp\/v2\/pages"}],"about":[{"href":"https:\/\/www.kolaytik.com\/en\/wp-json\/wp\/v2\/types\/page"}],"author":[{"embeddable":true,"href":"https:\/\/www.kolaytik.com\/en\/wp-json\/wp\/v2\/users\/1"}],"replies":[{"embeddable":true,"href":"https:\/\/www.kolaytik.com\/en\/wp-json\/wp\/v2\/comments?post=90"}],"version-history":[{"count":1,"href":"https:\/\/www.kolaytik.com\/en\/wp-json\/wp\/v2\/pages\/90\/revisions"}],"predecessor-version":[{"id":91,"href":"https:\/\/www.kolaytik.com\/en\/wp-json\/wp\/v2\/pages\/90\/revisions\/91"}],"wp:attachment":[{"href":"https:\/\/www.kolaytik.com\/en\/wp-json\/wp\/v2\/media?parent=90"}],"curies":[{"name":"wp","href":"https:\/\/api.w.org\/{rel}","templated":true}]}}